{"id":10441,"date":"2023-04-14T09:50:56","date_gmt":"2023-04-14T09:50:56","guid":{"rendered":"https:\/\/delphine.pixandhue.com\/?page_id=9524"},"modified":"2024-08-17T17:04:00","modified_gmt":"2024-08-17T15:04:00","slug":"accueil","status":"publish","type":"page","link":"https:\/\/charlottemarette.com\/","title":{"rendered":"Accueil"},"content":{"rendered":"\t\t<div data-elementor-type=\"wp-page\" data-elementor-id=\"10441\" class=\"elementor elementor-10441\" data-elementor-post-type=\"page\">\n\t\t\t\t<div class=\"elementor-element elementor-element-1fdb39c e-flex e-con-boxed e-con e-parent\" data-id=\"1fdb39c\" data-element_type=\"container\" data-settings=\"{&quot;background_background&quot;:&quot;classic&quot;}\">\n\t\t\t\t\t<div class=\"e-con-inner\">\n\t\t\t\t<div class=\"elementor-element elementor-element-73ded11 delphine-hero-title elementor-widget elementor-widget-heading\" data-id=\"73ded11\" data-element_type=\"widget\" data-widget_type=\"heading.default\">\n\t\t\t\t<div class=\"elementor-widget-container\">\n\t\t\t<h2 class=\"elementor-heading-title elementor-size-default\">Capturing Moments<\/h2>\t\t<\/div>\n\t\t\t\t<\/div>\n\t\t\t\t<div class=\"elementor-element elementor-element-8f016ed delphine-no-bottom-p delphine-script-text elementor-widget elementor-widget-text-editor\" data-id=\"8f016ed\" data-element_type=\"widget\" data-widget_type=\"text-editor.default\">\n\t\t\t\t<div class=\"elementor-widget-container\">\n\t\t\t\t\t\t\t<p>to last a lifetime<\/p>\t\t\t\t\t\t<\/div>\n\t\t\t\t<\/div>\n\t\t\t\t\t<\/div>\n\t\t\t\t<\/div>\n\t\t<div class=\"elementor-element elementor-element-2cee2d4 e-con-full e-flex e-con e-parent\" data-id=\"2cee2d4\" data-element_type=\"container\" data-settings=\"{&quot;background_background&quot;:&quot;classic&quot;}\">\n\t\t<div class=\"elementor-element elementor-element-7d9cf69 e-con-full e-flex e-con e-child\" data-id=\"7d9cf69\" data-element_type=\"container\">\n\t\t\t\t<div class=\"elementor-element elementor-element-5f31ff5 elementor-absolute delphine-custom-spacer elementor-widget elementor-widget-spacer\" data-id=\"5f31ff5\" data-element_type=\"widget\" data-settings=\"{&quot;_position&quot;:&quot;absolute&quot;}\" data-widget_type=\"spacer.default\">\n\t\t\t\t<div class=\"elementor-widget-container\">\n\t\t\t\t\t<div class=\"elementor-spacer\">\n\t\t\t<div class=\"elementor-spacer-inner\"><\/div>\n\t\t<\/div>\n\t\t\t\t<\/div>\n\t\t\t\t<\/div>\n\t\t\t\t<div class=\"elementor-element elementor-element-78a9eb2 elementor-widget elementor-widget-image\" data-id=\"78a9eb2\" data-element_type=\"widget\" data-widget_type=\"image.default\">\n\t\t\t\t<div class=\"elementor-widget-container\">\n\t\t\t\t\t\t\t\t\t\t\t\t\t<img decoding=\"async\" src=\"https:\/\/charlottemarette.com\/wp-content\/uploads\/elementor\/thumbs\/mariage-charlotte-marette-photographe-23-qsn88tprm0u8yt4tp77qkqdxkpmc9qoeah6nstbugg.jpg\" title=\"mariage-charlotte-marette-photographe-23\" alt=\"Couple mari\u00e9 s&#039;enla\u00e7ant \u00e0 Paris. La femme est de dos, photo de mariage romantique, \u00e9l\u00e9gante et intemporelle en noir et blanc. Photographie r\u00e9alis\u00e9e par Charlotte Marette dans les galeries du Louvre \u00e0 Paris, France\" loading=\"lazy\" \/>\t\t\t\t\t\t\t\t\t\t\t\t\t<\/div>\n\t\t\t\t<\/div>\n\t\t\t\t<div class=\"elementor-element elementor-element-09e0c11 delphine-no-bottom-p delphine-script-text elementor-widget elementor-widget-text-editor\" data-id=\"09e0c11\" data-element_type=\"widget\" data-widget_type=\"text-editor.default\">\n\t\t\t\t<div class=\"elementor-widget-container\">\n\t\t\t\t\t\t\t<p>The love story<\/p>\t\t\t\t\t\t<\/div>\n\t\t\t\t<\/div>\n\t\t\t\t<\/div>\n\t\t<div class=\"elementor-element elementor-element-a6c748f e-con-full e-flex e-con e-child\" data-id=\"a6c748f\" data-element_type=\"container\">\n\t\t\t\t<div class=\"elementor-element elementor-element-1c31826 elementor-widget elementor-widget-image\" data-id=\"1c31826\" data-element_type=\"widget\" data-widget_type=\"image.default\">\n\t\t\t\t<div class=\"elementor-widget-container\">\n\t\t\t\t\t\t\t\t\t\t\t\t\t<img decoding=\"async\" src=\"https:\/\/charlottemarette.com\/wp-content\/uploads\/elementor\/thumbs\/maternite-charlotte-marette-photographe-4-scaled-qsmzw7078xvehjcd8ncjuh98yuhhwq14jqyo8q29is.jpg\" title=\"maternite-charlotte-marette-photographe-4\" alt=\"maternite-charlotte-marette-photographe-4\" loading=\"lazy\" \/>\t\t\t\t\t\t\t\t\t\t\t\t\t<\/div>\n\t\t\t\t<\/div>\n\t\t\t\t<\/div>\n\t\t<div class=\"elementor-element elementor-element-7a7fd14 e-con-full e-flex e-con e-child\" data-id=\"7a7fd14\" data-element_type=\"container\">\n\t\t\t\t<div class=\"elementor-element elementor-element-f51c72c delphine-standard-title elementor-widget elementor-widget-heading\" data-id=\"f51c72c\" data-element_type=\"widget\" data-widget_type=\"heading.default\">\n\t\t\t\t<div class=\"elementor-widget-container\">\n\t\t\t<h2 class=\"elementor-heading-title elementor-size-default\">Cr\u00e9ons ensemble des souvenirs inoubliables<\/h2>\t\t<\/div>\n\t\t\t\t<\/div>\n\t\t\t\t<div class=\"elementor-element elementor-element-ea06a2a delphine-no-bottom-p elementor-widget elementor-widget-text-editor\" data-id=\"ea06a2a\" data-element_type=\"widget\" data-widget_type=\"text-editor.default\">\n\t\t\t\t<div class=\"elementor-widget-container\">\n\t\t\t\t\t\t\t<p>Qu&rsquo;il s&rsquo;agisse des moments du quotidien, d&rsquo;un \u00e9v\u00e9nement marquant ou bien d&rsquo;une s\u00e9ance pour reprendre confiance en soi, nous cr\u00e9ons ensemble vos souvenirs.\u00a0<\/p>\t\t\t\t\t\t<\/div>\n\t\t\t\t<\/div>\n\t\t\t\t<div class=\"elementor-element elementor-element-e7efa0d elementor-align-left delphine-elementor-button elementor-mobile-align-center elementor-widget elementor-widget-button\" data-id=\"e7efa0d\" data-element_type=\"widget\" data-widget_type=\"button.default\">\n\t\t\t\t<div class=\"elementor-widget-container\">\n\t\t\t\t\t\t\t<div class=\"elementor-button-wrapper\">\n\t\t\t\t\t<a class=\"elementor-button elementor-button-link elementor-size-sm\" href=\"https:\/\/charlottemarette.com\/index.php\/les-prestations\/\">\n\t\t\t\t\t\t<span class=\"elementor-button-content-wrapper\">\n\t\t\t\t\t\t\t\t\t<span class=\"elementor-button-text\">en savoir plus<\/span>\n\t\t\t\t\t<\/span>\n\t\t\t\t\t<\/a>\n\t\t\t\t<\/div>\n\t\t\t\t\t\t<\/div>\n\t\t\t\t<\/div>\n\t\t\t\t<div class=\"elementor-element elementor-element-d80bdbc delphine-no-bottom-p elementor-widget elementor-widget-text-editor\" data-id=\"d80bdbc\" data-element_type=\"widget\" data-widget_type=\"text-editor.default\">\n\t\t\t\t<div class=\"elementor-widget-container\">\n\t\t\t\t\t\t\t<p>Photographe de mariage ParisPhotographe elopment France Photographe Maternit\u00e9 Paris<\/p>\t\t\t\t\t\t<\/div>\n\t\t\t\t<\/div>\n\t\t\t\t<\/div>\n\t\t\t\t<\/div>\n\t\t<div class=\"elementor-element elementor-element-8415bcf e-con-full e-flex e-con e-parent\" data-id=\"8415bcf\" data-element_type=\"container\" data-settings=\"{&quot;background_background&quot;:&quot;classic&quot;}\">\n\t\t<div class=\"elementor-element elementor-element-0c8c8e3 e-con-full e-flex e-con e-child\" data-id=\"0c8c8e3\" data-element_type=\"container\">\n\t\t<div class=\"elementor-element elementor-element-abf9aea e-flex e-con-boxed e-con e-child\" data-id=\"abf9aea\" data-element_type=\"container\">\n\t\t\t\t\t<div class=\"e-con-inner\">\n\t\t\t\t<div class=\"elementor-element elementor-element-24565f8 delphine-rotated-button delphine-elementor-button elementor-absolute elementor-widget elementor-widget-button\" data-id=\"24565f8\" data-element_type=\"widget\" data-settings=\"{&quot;_position&quot;:&quot;absolute&quot;}\" data-widget_type=\"button.default\">\n\t\t\t\t<div class=\"elementor-widget-container\">\n\t\t\t\t\t\t\t<div class=\"elementor-button-wrapper\">\n\t\t\t\t\t<a class=\"elementor-button elementor-button-link elementor-size-sm\" href=\"https:\/\/charlottemarette.com\/index.php\/portfolio\/\">\n\t\t\t\t\t\t<span class=\"elementor-button-content-wrapper\">\n\t\t\t\t\t\t\t\t\t<span class=\"elementor-button-text\">Le Portfolio<\/span>\n\t\t\t\t\t<\/span>\n\t\t\t\t\t<\/a>\n\t\t\t\t<\/div>\n\t\t\t\t\t\t<\/div>\n\t\t\t\t<\/div>\n\t\t\t\t<div class=\"elementor-element elementor-element-1ae83aa elementor-widget elementor-widget-image\" data-id=\"1ae83aa\" data-element_type=\"widget\" data-widget_type=\"image.default\">\n\t\t\t\t<div class=\"elementor-widget-container\">\n\t\t\t\t\t\t\t\t\t\t\t\t\t<img decoding=\"async\" src=\"https:\/\/charlottemarette.com\/wp-content\/uploads\/elementor\/thumbs\/mariage-charlotte-marette-photographe-19-scaled-7fyeflfjkwodpgypaynnoeui8wn2yi6ofuljpdwg94o.jpg\" title=\"mariage-charlotte-marette-photographe-19\" alt=\"mariage-charlotte-marette-photographe-19\" loading=\"lazy\" \/>\t\t\t\t\t\t\t\t\t\t\t\t\t<\/div>\n\t\t\t\t<\/div>\n\t\t\t\t\t<\/div>\n\t\t\t\t<\/div>\n\t\t<div class=\"elementor-element elementor-element-ac72c16 e-flex e-con-boxed e-con e-child\" data-id=\"ac72c16\" data-element_type=\"container\">\n\t\t\t\t\t<div class=\"e-con-inner\">\n\t\t\t\t<div class=\"elementor-element elementor-element-794221b delphine-rotated-button delphine-elementor-button elementor-absolute elementor-widget elementor-widget-button\" data-id=\"794221b\" data-element_type=\"widget\" data-settings=\"{&quot;_position&quot;:&quot;absolute&quot;}\" data-widget_type=\"button.default\">\n\t\t\t\t<div class=\"elementor-widget-container\">\n\t\t\t\t\t\t\t<div class=\"elementor-button-wrapper\">\n\t\t\t\t\t<a class=\"elementor-button elementor-button-link elementor-size-sm\" href=\"https:\/\/charlottemarette.com\/index.php\/les-prestations\/\">\n\t\t\t\t\t\t<span class=\"elementor-button-content-wrapper\">\n\t\t\t\t\t\t\t\t\t<span class=\"elementor-button-text\">Les prestations<\/span>\n\t\t\t\t\t<\/span>\n\t\t\t\t\t<\/a>\n\t\t\t\t<\/div>\n\t\t\t\t\t\t<\/div>\n\t\t\t\t<\/div>\n\t\t\t\t<div class=\"elementor-element elementor-element-5d322b7 elementor-widget elementor-widget-image\" data-id=\"5d322b7\" data-element_type=\"widget\" data-widget_type=\"image.default\">\n\t\t\t\t<div class=\"elementor-widget-container\">\n\t\t\t\t\t\t\t\t\t\t\t\t\t<img decoding=\"async\" src=\"https:\/\/charlottemarette.com\/wp-content\/uploads\/elementor\/thumbs\/mariage-charlotte-marette-photographe-20-qsn1qlbozcgsmfyunx6r3gzlshbgv0kpi4gld268fs.jpg\" title=\"mariage-charlotte-marette-photographe-20\" alt=\"mariage-charlotte-marette-photographe-20\" loading=\"lazy\" \/>\t\t\t\t\t\t\t\t\t\t\t\t\t<\/div>\n\t\t\t\t<\/div>\n\t\t\t\t\t<\/div>\n\t\t\t\t<\/div>\n\t\t<div class=\"elementor-element elementor-element-b500842 e-flex e-con-boxed e-con e-child\" data-id=\"b500842\" data-element_type=\"container\">\n\t\t\t\t\t<div class=\"e-con-inner\">\n\t\t\t\t<div class=\"elementor-element elementor-element-c6b6ba3 delphine-rotated-button delphine-elementor-button elementor-absolute elementor-widget elementor-widget-button\" data-id=\"c6b6ba3\" data-element_type=\"widget\" data-settings=\"{&quot;_position&quot;:&quot;absolute&quot;}\" data-widget_type=\"button.default\">\n\t\t\t\t<div class=\"elementor-widget-container\">\n\t\t\t\t\t\t\t<div class=\"elementor-button-wrapper\">\n\t\t\t\t\t<a class=\"elementor-button elementor-button-link elementor-size-sm\" href=\"https:\/\/charlottemarette.com\/index.php\/faq\/\">\n\t\t\t\t\t\t<span class=\"elementor-button-content-wrapper\">\n\t\t\t\t\t\t\t\t\t<span class=\"elementor-button-text\">la faq<\/span>\n\t\t\t\t\t<\/span>\n\t\t\t\t\t<\/a>\n\t\t\t\t<\/div>\n\t\t\t\t\t\t<\/div>\n\t\t\t\t<\/div>\n\t\t\t\t<div class=\"elementor-element elementor-element-ffc41b4 elementor-widget elementor-widget-image\" data-id=\"ffc41b4\" data-element_type=\"widget\" data-widget_type=\"image.default\">\n\t\t\t\t<div class=\"elementor-widget-container\">\n\t\t\t\t\t\t\t\t\t\t\t\t\t<img decoding=\"async\" src=\"https:\/\/charlottemarette.com\/wp-content\/uploads\/elementor\/thumbs\/mariage-Charlotte-Marette-photographe-20-1-scaled-7fyh94u4iuccrp10tyq510f2m0m20jidt3694k8jnlk.jpg\" title=\"mariage-Charlotte-Marette-photographe-20\" alt=\"mariage-Charlotte-Marette-photographe-20\" loading=\"lazy\" \/>\t\t\t\t\t\t\t\t\t\t\t\t\t<\/div>\n\t\t\t\t<\/div>\n\t\t\t\t\t<\/div>\n\t\t\t\t<\/div>\n\t\t\t\t<\/div>\n\t\t\t\t<\/div>\n\t\t<div class=\"elementor-element elementor-element-ba72269 e-flex e-con-boxed e-con e-parent\" data-id=\"ba72269\" data-element_type=\"container\" data-settings=\"{&quot;background_background&quot;:&quot;classic&quot;}\">\n\t\t\t\t\t<div class=\"e-con-inner\">\n\t\t\t\t<div class=\"elementor-element elementor-element-2f59125 delphine-no-bottom-p delphine-script-text elementor-widget elementor-widget-text-editor\" data-id=\"2f59125\" data-element_type=\"widget\" data-widget_type=\"text-editor.default\">\n\t\t\t\t<div class=\"elementor-widget-container\">\n\t\t\t\t\t\t\t<p>A<span style=\"font-family: var( --e-global-typography-43ffa5c-font-family ), Sans-serif; font-size: var( --e-global-typography-43ffa5c-font-size ); font-style: var( --e-global-typography-43ffa5c-font-style ); font-weight: var( --e-global-typography-43ffa5c-font-weight ); letter-spacing: var( --e-global-typography-43ffa5c-letter-spacing ); word-spacing: var( --e-global-typography-43ffa5c-word-spacing );\">ll you\u00a0 need is love<\/span><\/p>\t\t\t\t\t\t<\/div>\n\t\t\t\t<\/div>\n\t\t\t\t\t<\/div>\n\t\t\t\t<\/div>\n\t\t<div class=\"elementor-element elementor-element-f8b85a4 e-con-full e-flex e-con e-parent\" data-id=\"f8b85a4\" data-element_type=\"container\" data-settings=\"{&quot;background_background&quot;:&quot;classic&quot;}\">\n\t\t<div class=\"elementor-element elementor-element-89ba6dc e-con-full e-flex e-con e-child\" data-id=\"89ba6dc\" data-element_type=\"container\">\n\t\t\t\t<div class=\"elementor-element elementor-element-c3b0dc4 delphine-standard-title elementor-widget elementor-widget-heading\" data-id=\"c3b0dc4\" data-element_type=\"widget\" data-widget_type=\"heading.default\">\n\t\t\t\t<div class=\"elementor-widget-container\">\n\t\t\t<h2 class=\"elementor-heading-title elementor-size-default\">Hello, moi c'est charlotte et j'ai h\u00e2te de vous rencontrer<\/h2>\t\t<\/div>\n\t\t\t\t<\/div>\n\t\t\t\t<div class=\"elementor-element elementor-element-3ad7a4c delphine-no-bottom-p elementor-widget__width-initial elementor-widget elementor-widget-text-editor\" data-id=\"3ad7a4c\" data-element_type=\"widget\" data-widget_type=\"text-editor.default\">\n\t\t\t\t<div class=\"elementor-widget-container\">\n\t\t\t\t\t\t\t<p>Photographe depuis plusieurs ann\u00e9es, j&rsquo;adore vous suivre dans vos \u00e9tapes de vie : fian\u00e7ailles, mariage, maternit\u00e9, famille. Et vous permettre d&rsquo;immortaliser les souvenirs de ces moments magiques.&nbsp;<\/p>\n<p>Avec un style qui mixe documentaire lifestyle et \u00e9dito, j&rsquo;aime aller chercher les petits d\u00e9tails qui vont rendre une photo artistique. Je viens capturer les moments comme ils sont, \u00e0 la recherche d&rsquo;authenticit\u00e9 et de douceur. J&rsquo;aime aussi vous faire poser, toujours en recherchant des attitudes naturelles et valorisantes.&nbsp;<\/p>\n<p>Mon but lors de nos sessions : que vous passiez un bon moment. Ensemble, nous cr\u00e9ons une s\u00e9ance dr\u00f4le, on rigole beaucoup (surtout si vous avez le m\u00eame humour que moi), vous vous sentez \u00e0 l&rsquo;aise et vous vous en souviendrez comme d&rsquo;un super moment !<\/p>\n<p>Je propose mes services pour les particuliers mais aussi pour les professionnels. Les s\u00e9ances corporate sont l\u00e0 pour mettre en avant votre entreprise, vos produits, avec des images qui correspondent \u00e0 l&rsquo;identit\u00e9 de votre marque.<\/p>\t\t\t\t\t\t<\/div>\n\t\t\t\t<\/div>\n\t\t\t\t<div class=\"elementor-element elementor-element-dc153dd elementor-align-left delphine-elementor-button elementor-mobile-align-center elementor-widget elementor-widget-button\" data-id=\"dc153dd\" data-element_type=\"widget\" data-widget_type=\"button.default\">\n\t\t\t\t<div class=\"elementor-widget-container\">\n\t\t\t\t\t\t\t<div class=\"elementor-button-wrapper\">\n\t\t\t\t\t<a class=\"elementor-button elementor-button-link elementor-size-sm\" href=\"https:\/\/charlottemarette.com\/index.php\/contact\/\" rel=\"nofollow\">\n\t\t\t\t\t\t<span class=\"elementor-button-content-wrapper\">\n\t\t\t\t\t\t\t\t\t<span class=\"elementor-button-text\">discutons<\/span>\n\t\t\t\t\t<\/span>\n\t\t\t\t\t<\/a>\n\t\t\t\t<\/div>\n\t\t\t\t\t\t<\/div>\n\t\t\t\t<\/div>\n\t\t\t\t<\/div>\n\t\t<div class=\"elementor-element elementor-element-7833c49 e-con-full e-flex e-con e-child\" data-id=\"7833c49\" data-element_type=\"container\">\n\t\t\t\t<div class=\"elementor-element elementor-element-6622075 elementor-widget elementor-widget-image\" data-id=\"6622075\" data-element_type=\"widget\" data-widget_type=\"image.default\">\n\t\t\t\t<div class=\"elementor-widget-container\">\n\t\t\t\t\t\t\t\t\t\t\t\t\t<img decoding=\"async\" src=\"https:\/\/charlottemarette.com\/wp-content\/uploads\/elementor\/thumbs\/Charlotte-Marette-photographe-11-scaled-e1723729018716-qsnc2tf7rlfg1uu1s5vcsdxp6vyhvln7po2uig8f8g.jpg\" title=\"Charlotte-Marette-photographe-11\" alt=\"Charlotte-Marette-photographe-11\" loading=\"lazy\" \/>\t\t\t\t\t\t\t\t\t\t\t\t\t<\/div>\n\t\t\t\t<\/div>\n\t\t\t\t<div class=\"elementor-element elementor-element-b93bff1 elementor-absolute elementor-hidden-mobile elementor-widget-divider--view-line elementor-widget elementor-widget-divider\" data-id=\"b93bff1\" data-element_type=\"widget\" data-settings=\"{&quot;_position&quot;:&quot;absolute&quot;}\" data-widget_type=\"divider.default\">\n\t\t\t\t<div class=\"elementor-widget-container\">\n\t\t\t\t\t<div class=\"elementor-divider\">\n\t\t\t<span class=\"elementor-divider-separator\">\n\t\t\t\t\t\t<\/span>\n\t\t<\/div>\n\t\t\t\t<\/div>\n\t\t\t\t<\/div>\n\t\t\t\t<\/div>\n\t\t\t\t<\/div>\n\t\t<div class=\"elementor-element elementor-element-0236629 delphine-testimonial-section e-flex e-con-boxed e-con e-parent\" data-id=\"0236629\" data-element_type=\"container\">\n\t\t\t\t\t<div class=\"e-con-inner\">\n\t\t\t\t<div class=\"elementor-element elementor-element-d9f89e0 delphine-no-bottom-p elementor-widget elementor-widget-text-editor\" data-id=\"d9f89e0\" data-element_type=\"widget\" data-widget_type=\"text-editor.default\">\n\t\t\t\t<div class=\"elementor-widget-container\">\n\t\t\t\t\t\t\t<p>\u00ab\u00a0<\/p>\t\t\t\t\t\t<\/div>\n\t\t\t\t<\/div>\n\t\t\t\t<div class=\"elementor-element elementor-element-ef890d4 delphine-standard-title elementor-widget elementor-widget-heading\" data-id=\"ef890d4\" data-element_type=\"widget\" data-widget_type=\"heading.default\">\n\t\t\t\t<div class=\"elementor-widget-container\">\n\t\t\t<h2 class=\"elementor-heading-title elementor-size-default\">Les avis\n<\/h2>\t\t<\/div>\n\t\t\t\t<\/div>\n\t\t\t\t<div class=\"elementor-element elementor-element-1798c73 delphine-no-bottom-p delphine-script-text elementor-widget elementor-widget-text-editor\" data-id=\"1798c73\" data-element_type=\"widget\" data-widget_type=\"text-editor.default\">\n\t\t\t\t<div class=\"elementor-widget-container\">\n\t\t\t\t\t\t\t<p>des clients<\/p>\t\t\t\t\t\t<\/div>\n\t\t\t\t<\/div>\n\t\t\t\t<div class=\"elementor-element elementor-element-4056144 elementor-widget__width-initial elementor-testimonial--skin-default elementor-testimonial--layout-image_inline elementor-testimonial--align-center elementor-pagination-type-bullets elementor-widget elementor-widget-testimonial-carousel\" data-id=\"4056144\" data-element_type=\"widget\" data-settings=\"{&quot;speed&quot;:800,&quot;autoplay_speed&quot;:8000,&quot;pagination&quot;:&quot;bullets&quot;,&quot;autoplay&quot;:&quot;yes&quot;,&quot;loop&quot;:&quot;yes&quot;,&quot;pause_on_hover&quot;:&quot;yes&quot;,&quot;pause_on_interaction&quot;:&quot;yes&quot;,&quot;space_between&quot;:{&quot;unit&quot;:&quot;px&quot;,&quot;size&quot;:10,&quot;sizes&quot;:[]},&quot;space_between_laptop&quot;:{&quot;unit&quot;:&quot;px&quot;,&quot;size&quot;:10,&quot;sizes&quot;:[]},&quot;space_between_tablet&quot;:{&quot;unit&quot;:&quot;px&quot;,&quot;size&quot;:10,&quot;sizes&quot;:[]},&quot;space_between_mobile&quot;:{&quot;unit&quot;:&quot;px&quot;,&quot;size&quot;:10,&quot;sizes&quot;:[]}}\" data-widget_type=\"testimonial-carousel.default\">\n\t\t\t\t<div class=\"elementor-widget-container\">\n\t\t\t\t\t<div class=\"elementor-swiper\">\n\t\t\t<div class=\"elementor-main-swiper swiper\">\n\t\t\t\t<div class=\"swiper-wrapper\">\n\t\t\t\t\t\t\t\t\t\t\t<div class=\"swiper-slide\">\n\t\t\t\t\t\t\t\t\t<div class=\"elementor-testimonial\">\n\t\t\t\t\t\t\t<div class=\"elementor-testimonial__content\">\n\t\t\t\t\t<div class=\"elementor-testimonial__text\">\n\t\t\t\t\t\tCharlotte a su me mettre \u00e0 l'aise pour ma s\u00e9ance photo de grossesse (et c'\u00e9tait pas gagn\u00e9 !!). Les photos sont superbes et j'ai pass\u00e9 un excellent moment !\nMerci encore et \u00e0 bient\u00f4t pour une s\u00e9ance avec b\u00e9b\u00e9 !\t\t\t\t\t<\/div>\n\t\t\t\t\t\t\t\t\t<\/div>\n\t\t\t\t\t\t<div class=\"elementor-testimonial__footer\">\n\t\t\t\t\t\t\t\t\t<div class=\"elementor-testimonial__image\">\n\t\t\t\t\t\t<img decoding=\"async\" src=\"https:\/\/charlottemarette.com\/wp-content\/uploads\/2024\/06\/Marie-03.23-10-200x300.jpg\" alt=\"Maternity photo inside apartment cosy and classy\">\n\t\t\t\t\t\t\t\t\t\t\t<\/div>\n\t\t\t\t\t\t\t\t<cite class=\"elementor-testimonial__cite\"><span class=\"elementor-testimonial__name\">Marie<\/span><span class=\"elementor-testimonial__title\">S\u00e9ance maternit\u00e9<\/span><\/cite>\t\t\t<\/div>\n\t\t<\/div>\n\t\t\t\t\t\t\t\t<\/div>\n\t\t\t\t\t\t\t\t\t\t\t<div class=\"swiper-slide\">\n\t\t\t\t\t\t\t\t\t<div class=\"elementor-testimonial\">\n\t\t\t\t\t\t\t<div class=\"elementor-testimonial__content\">\n\t\t\t\t\t<div class=\"elementor-testimonial__text\">\n\t\t\t\t\t\tQuel boulot ! F\u00e9licitations, les photos sont \u00e0 la perfection pour nous !\nOn se pla\u00eet (et c'\u00e9tait ouf \u00e0 r\u00e9ussir d\u00e9j\u00e0), la colorim\u00e9trie est dingue, la qualit\u00e9 est folle, les d\u00e9tails...pouf. On est tr\u00e8s chanceux, tr\u00e8s heureux, merci pour ton travail de qualit\u00e9. \t\t\t\t\t<\/div>\n\t\t\t\t\t\t\t\t\t<\/div>\n\t\t\t\t\t\t<div class=\"elementor-testimonial__footer\">\n\t\t\t\t\t\t\t\t\t<div class=\"elementor-testimonial__image\">\n\t\t\t\t\t\t<img decoding=\"async\" src=\"https:\/\/charlottemarette.com\/wp-content\/uploads\/2024\/08\/maternite-charlotte-marette-photographe-23-200x300.jpg\" alt=\"Audrey et Ludo\">\n\t\t\t\t\t\t\t\t\t\t\t<\/div>\n\t\t\t\t\t\t\t\t<cite class=\"elementor-testimonial__cite\"><span class=\"elementor-testimonial__name\">Audrey et Ludo<\/span><span class=\"elementor-testimonial__title\">S\u00e9ance maternit\u00e9<\/span><\/cite>\t\t\t<\/div>\n\t\t<\/div>\n\t\t\t\t\t\t\t\t<\/div>\n\t\t\t\t\t\t\t\t\t<\/div>\n\t\t\t\t\t\t\t\t\t\t\t\t\t\t\t<div class=\"swiper-pagination\"><\/div>\n\t\t\t\t\t\t\t\t\t\t\t\t\t\t\t\t\t<\/div>\n\t\t<\/div>\n\t\t\t\t<\/div>\n\t\t\t\t<\/div>\n\t\t\t\t\t<\/div>\n\t\t\t\t<\/div>\n\t\t\t\t<\/div>\n\t\t","protected":false},"excerpt":{"rendered":"<p>Capturing Moments to last a lifetime The love story Cr\u00e9ons ensemble des souvenirs inoubliables Qu&rsquo;il s&rsquo;agisse des moments du quotidien, d&rsquo;un \u00e9v\u00e9nement marquant ou bien d&rsquo;une s\u00e9ance pour reprendre confiance en soi, nous cr\u00e9ons ensemble vos souvenirs.\u00a0 en savoir plus Photographe de mariage ParisPhotographe elopment France Photographe Maternit\u00e9 Paris Le Portfolio Les prestations la faq [&hellip;]<\/p>\n","protected":false},"author":1,"featured_media":0,"parent":0,"menu_order":0,"comment_status":"closed","ping_status":"closed","template":"elementor_header_footer","meta":{"om_disable_all_campaigns":false,"_monsterinsights_skip_tracking":false,"_monsterinsights_sitenote_active":false,"_monsterinsights_sitenote_note":"","_monsterinsights_sitenote_category":0,"footnotes":""},"categories":[],"class_list":["post-10441","page","type-page","status-publish","hentry"],"aioseo_notices":[],"_links":{"self":[{"href":"https:\/\/charlottemarette.com\/index.php\/wp-json\/wp\/v2\/pages\/10441"}],"collection":[{"href":"https:\/\/charlottemarette.com\/index.php\/wp-json\/wp\/v2\/pages"}],"about":[{"href":"https:\/\/charlottemarette.com\/index.php\/wp-json\/wp\/v2\/types\/page"}],"author":[{"embeddable":true,"href":"https:\/\/charlottemarette.com\/index.php\/wp-json\/wp\/v2\/users\/1"}],"replies":[{"embeddable":true,"href":"https:\/\/charlottemarette.com\/index.php\/wp-json\/wp\/v2\/comments?post=10441"}],"version-history":[{"count":335,"href":"https:\/\/charlottemarette.com\/index.php\/wp-json\/wp\/v2\/pages\/10441\/revisions"}],"predecessor-version":[{"id":15331,"href":"https:\/\/charlottemarette.com\/index.php\/wp-json\/wp\/v2\/pages\/10441\/revisions\/15331"}],"wp:attachment":[{"href":"https:\/\/charlottemarette.com\/index.php\/wp-json\/wp\/v2\/media?parent=10441"}],"wp:term":[{"taxonomy":"category","embeddable":true,"href":"https:\/\/charlottemarette.com\/index.php\/wp-json\/wp\/v2\/categories?post=10441"}],"curies":[{"name":"wp","href":"https:\/\/api.w.org\/{rel}","templated":true}]}}