{"id":10468,"date":"2023-04-16T10:24:54","date_gmt":"2023-04-16T10:24:54","guid":{"rendered":"https:\/\/delphine.pixandhue.com\/?page_id=10468"},"modified":"2024-08-16T15:35:24","modified_gmt":"2024-08-16T13:35:24","slug":"a-propos","status":"publish","type":"page","link":"https:\/\/charlottemarette.com\/index.php\/a-propos\/","title":{"rendered":"\u00c0 propos"},"content":{"rendered":"\t\t<div data-elementor-type=\"wp-page\" data-elementor-id=\"10468\" class=\"elementor elementor-10468\" data-elementor-post-type=\"page\">\n\t\t\t\t<div class=\"elementor-element elementor-element-2fe85a63 e-con-full e-flex e-con e-parent\" data-id=\"2fe85a63\" data-element_type=\"container\" data-settings=\"{&quot;background_background&quot;:&quot;classic&quot;}\">\n\t\t<div class=\"elementor-element elementor-element-69d0ffaf e-con-full e-flex e-con e-child\" data-id=\"69d0ffaf\" data-element_type=\"container\">\n\t\t\t\t<div class=\"elementor-element elementor-element-7e35b65f elementor-absolute delphine-custom-spacer elementor-widget elementor-widget-spacer\" data-id=\"7e35b65f\" data-element_type=\"widget\" data-settings=\"{&quot;_position&quot;:&quot;absolute&quot;}\" data-widget_type=\"spacer.default\">\n\t\t\t\t<div class=\"elementor-widget-container\">\n\t\t\t\t\t<div class=\"elementor-spacer\">\n\t\t\t<div class=\"elementor-spacer-inner\"><\/div>\n\t\t<\/div>\n\t\t\t\t<\/div>\n\t\t\t\t<\/div>\n\t\t\t\t<div class=\"elementor-element elementor-element-41d1fce5 elementor-widget elementor-widget-image\" data-id=\"41d1fce5\" data-element_type=\"widget\" data-widget_type=\"image.default\">\n\t\t\t\t<div class=\"elementor-widget-container\">\n\t\t\t\t\t\t\t\t\t\t\t\t\t<img decoding=\"async\" src=\"https:\/\/charlottemarette.com\/wp-content\/uploads\/elementor\/thumbs\/Charlotte-Marette-photographe-13-scaled-qsnbl0cvgfd3fwk4wnfgvwknxb8vgisv5c2nth4ovk.jpg\" title=\"Charlotte-Marette-photographe-13\" alt=\"Charlotte-Marette-photographe-13\" loading=\"lazy\" \/>\t\t\t\t\t\t\t\t\t\t\t\t\t<\/div>\n\t\t\t\t<\/div>\n\t\t\t\t<div class=\"elementor-element elementor-element-2de986b delphine-no-bottom-p delphine-script-text elementor-widget elementor-widget-text-editor\" data-id=\"2de986b\" data-element_type=\"widget\" data-widget_type=\"text-editor.default\">\n\t\t\t\t<div class=\"elementor-widget-container\">\n\t\t\t\t\t\t\t<p>the photographer<\/p>\t\t\t\t\t\t<\/div>\n\t\t\t\t<\/div>\n\t\t\t\t<\/div>\n\t\t<div class=\"elementor-element elementor-element-19e111f e-con-full e-flex e-con e-child\" data-id=\"19e111f\" data-element_type=\"container\">\n\t\t\t\t<div class=\"elementor-element elementor-element-24bd8cab elementor-widget elementor-widget-image\" data-id=\"24bd8cab\" data-element_type=\"widget\" data-widget_type=\"image.default\">\n\t\t\t\t<div class=\"elementor-widget-container\">\n\t\t\t\t\t\t\t\t\t\t\t\t\t<img decoding=\"async\" src=\"https:\/\/charlottemarette.com\/wp-content\/uploads\/elementor\/thumbs\/Charlotte-Marette-photographe-24-scaled-qsnbacuz4xqs3ikx22ulsy9cargucwk8as1x7htx8g.jpg\" title=\"Charlotte-Marette-photographe-24\" alt=\"Charlotte-Marette-photographe-24\" loading=\"lazy\" \/>\t\t\t\t\t\t\t\t\t\t\t\t\t<\/div>\n\t\t\t\t<\/div>\n\t\t\t\t<\/div>\n\t\t<div class=\"elementor-element elementor-element-36864917 e-con-full e-flex e-con e-child\" data-id=\"36864917\" data-element_type=\"container\">\n\t\t\t\t<div class=\"elementor-element elementor-element-58046cde delphine-standard-title elementor-widget elementor-widget-heading\" data-id=\"58046cde\" data-element_type=\"widget\" data-widget_type=\"heading.default\">\n\t\t\t\t<div class=\"elementor-widget-container\">\n\t\t\t<h2 class=\"elementor-heading-title elementor-size-default\">HELLO, MOI C'EST CHARLOTTE<\/h2>\t\t<\/div>\n\t\t\t\t<\/div>\n\t\t\t\t<div class=\"elementor-element elementor-element-7533abdd delphine-no-bottom-p elementor-widget elementor-widget-text-editor\" data-id=\"7533abdd\" data-element_type=\"widget\" data-widget_type=\"text-editor.default\">\n\t\t\t\t<div class=\"elementor-widget-container\">\n\t\t\t\t\t\t\t<p class=\"p1\"><i>Merci d\u2019\u00eatre venu jusqu\u2019ici pour lire quelques lignes sur moi !<\/i><\/p><p class=\"p1\"><i>Je suis photographe depuis plusieurs ann\u00e9es et d\u00e9sormais je me sp\u00e9cialise dans vos moments de vie. \u00c0 la recherche de l\u2019authenticit\u00e9, j\u2019aime immortaliser les \u00e9motions.<\/i><\/p><p class=\"p1\"><i>J\u2019ai d\u2019abord travaill\u00e9 dans le cin\u00e9ma, en gardant la photographie comme passe-temps. Puis j\u2019ai d\u00e9cid\u00e9 de me lancer pour en faire mon m\u00e9tier, que je m\u00eale aujourd\u2019hui avec une activit\u00e9 de designer floral \u00e9v\u00e8nementiel. Je pense que c\u2019est la cr\u00e9ativit\u00e9 qui m\u2019attire en prime abord.\u00a0<\/i><\/p><p class=\"p1\"><i>Toujours avide de nouvelles connaissances et exp\u00e9riences, je ne me limite pas. Mes diff\u00e9rentes activit\u00e9s se regroupent autour du travail des formes, des couleurs, des mati\u00e8res, afin d\u2019embellir le quotidien et de capturer des atmosph\u00e8res, des sensations.<\/i><\/p><p class=\"p1\"><i>Avec un style assez documentaire, j\u2019aime l\u2019id\u00e9e de vous raconter, tels que vous \u00eates, tout en rajoutant ma touche, mon regard, tel que je le con\u00e7ois,\u00a0 peut \u00eatre finalement au travers des yeux de mon premier amour : le cin\u00e9ma.<\/i><\/p>\t\t\t\t\t\t<\/div>\n\t\t\t\t<\/div>\n\t\t\t\t<\/div>\n\t\t\t\t<\/div>\n\t\t<div class=\"elementor-element elementor-element-4089f994 e-con-full e-flex e-con e-parent\" data-id=\"4089f994\" data-element_type=\"container\" data-settings=\"{&quot;background_background&quot;:&quot;classic&quot;}\">\n\t\t<div class=\"elementor-element elementor-element-087c693 e-con-full e-flex e-con e-child\" data-id=\"087c693\" data-element_type=\"container\">\n\t\t\t\t<div class=\"elementor-element elementor-element-f378486 delphine-standard-title elementor-widget elementor-widget-heading\" data-id=\"f378486\" data-element_type=\"widget\" data-widget_type=\"heading.default\">\n\t\t\t\t<div class=\"elementor-widget-container\">\n\t\t\t<h2 class=\"elementor-heading-title elementor-size-default\">I'm Passionate\n<\/h2>\t\t<\/div>\n\t\t\t\t<\/div>\n\t\t\t\t<div class=\"elementor-element elementor-element-bc932b6 delphine-no-bottom-p delphine-script-text elementor-widget elementor-widget-text-editor\" data-id=\"bc932b6\" data-element_type=\"widget\" data-widget_type=\"text-editor.default\">\n\t\t\t\t<div class=\"elementor-widget-container\">\n\t\t\t\t\t\t\t<p>about capturing&#8230;<\/p>\t\t\t\t\t\t<\/div>\n\t\t\t\t<\/div>\n\t\t\t\t<div class=\"elementor-element elementor-element-c18dac3 delphine-large-subheading-text delphine-no-bottom-p elementor-widget elementor-widget-text-editor\" data-id=\"c18dac3\" data-element_type=\"widget\" data-widget_type=\"text-editor.default\">\n\t\t\t\t<div class=\"elementor-widget-container\">\n\t\t\t\t\t\t\t<p>The Moments We Remember for a Lifetime<\/p>\t\t\t\t\t\t<\/div>\n\t\t\t\t<\/div>\n\t\t\t\t<\/div>\n\t\t<div class=\"elementor-element elementor-element-2285b54f e-con-full e-flex e-con e-child\" data-id=\"2285b54f\" data-element_type=\"container\">\n\t\t<div class=\"elementor-element elementor-element-72eac99f e-con-full e-flex e-con e-child\" data-id=\"72eac99f\" data-element_type=\"container\">\n\t\t\t\t<div class=\"elementor-element elementor-element-50d46e29 delphine-rotated-button delphine-elementor-button elementor-absolute elementor-widget elementor-widget-button\" data-id=\"50d46e29\" data-element_type=\"widget\" data-settings=\"{&quot;_position&quot;:&quot;absolute&quot;}\" data-widget_type=\"button.default\">\n\t\t\t\t<div class=\"elementor-widget-container\">\n\t\t\t\t\t\t\t<div class=\"elementor-button-wrapper\">\n\t\t\t\t\t<a class=\"elementor-button elementor-button-link elementor-size-sm\" href=\"https:\/\/charlottemarette.com\/index.php\/portfolio\/\">\n\t\t\t\t\t\t<span class=\"elementor-button-content-wrapper\">\n\t\t\t\t\t\t\t\t\t<span class=\"elementor-button-text\">Portfolio<\/span>\n\t\t\t\t\t<\/span>\n\t\t\t\t\t<\/a>\n\t\t\t\t<\/div>\n\t\t\t\t\t\t<\/div>\n\t\t\t\t<\/div>\n\t\t\t\t<div class=\"elementor-element elementor-element-223be95e elementor-widget elementor-widget-image\" data-id=\"223be95e\" data-element_type=\"widget\" data-widget_type=\"image.default\">\n\t\t\t\t<div class=\"elementor-widget-container\">\n\t\t\t\t\t\t\t\t\t\t\t\t\t<img decoding=\"async\" src=\"https:\/\/charlottemarette.com\/wp-content\/uploads\/elementor\/thumbs\/mariage-charlotte-marette-photographe-19-scaled-qsn1k55k2wyit2j4k9dxgdl66pv4cwzqrlz48acjue.jpg\" title=\"mariage-charlotte-marette-photographe-19\" alt=\"mariage-charlotte-marette-photographe-19\" loading=\"lazy\" \/>\t\t\t\t\t\t\t\t\t\t\t\t\t<\/div>\n\t\t\t\t<\/div>\n\t\t\t\t<\/div>\n\t\t<div class=\"elementor-element elementor-element-4f3469b e-con-full e-flex e-con e-child\" data-id=\"4f3469b\" data-element_type=\"container\">\n\t\t\t\t<div class=\"elementor-element elementor-element-4b38f890 delphine-rotated-button delphine-horizontal-style elementor-absolute elementor-widget elementor-widget-button\" data-id=\"4b38f890\" data-element_type=\"widget\" data-settings=\"{&quot;_position&quot;:&quot;absolute&quot;}\" data-widget_type=\"button.default\">\n\t\t\t\t<div class=\"elementor-widget-container\">\n\t\t\t\t\t\t\t<div class=\"elementor-button-wrapper\">\n\t\t\t\t\t<a class=\"elementor-button elementor-button-link elementor-size-sm\" href=\"https:\/\/charlottemarette.com\/index.php\/les-prestations\/\">\n\t\t\t\t\t\t<span class=\"elementor-button-content-wrapper\">\n\t\t\t\t\t\t\t\t\t<span class=\"elementor-button-text\">Prestations<\/span>\n\t\t\t\t\t<\/span>\n\t\t\t\t\t<\/a>\n\t\t\t\t<\/div>\n\t\t\t\t\t\t<\/div>\n\t\t\t\t<\/div>\n\t\t\t\t<div class=\"elementor-element elementor-element-4987012b elementor-widget elementor-widget-image\" data-id=\"4987012b\" data-element_type=\"widget\" data-widget_type=\"image.default\">\n\t\t\t\t<div class=\"elementor-widget-container\">\n\t\t\t\t\t\t\t\t\t\t\t\t\t<img decoding=\"async\" src=\"https:\/\/charlottemarette.com\/wp-content\/uploads\/elementor\/thumbs\/maternite-charlotte-marette-photographe-13-scaled-qsmzyp8ltgwy26ey5pc9x2yef7csxbys4l8dfj2tzg.jpg\" title=\"maternite-charlotte-marette-photographe-13\" alt=\"maternite-charlotte-marette-photographe-13\" loading=\"lazy\" \/>\t\t\t\t\t\t\t\t\t\t\t\t\t<\/div>\n\t\t\t\t<\/div>\n\t\t\t\t<\/div>\n\t\t<div class=\"elementor-element elementor-element-33d90b36 e-con-full e-flex e-con e-child\" data-id=\"33d90b36\" data-element_type=\"container\">\n\t\t\t\t<div class=\"elementor-element elementor-element-247c7fe2 delphine-rotated-button delphine-elementor-button elementor-absolute elementor-widget elementor-widget-button\" data-id=\"247c7fe2\" data-element_type=\"widget\" data-settings=\"{&quot;_position&quot;:&quot;absolute&quot;}\" data-widget_type=\"button.default\">\n\t\t\t\t<div class=\"elementor-widget-container\">\n\t\t\t\t\t\t\t<div class=\"elementor-button-wrapper\">\n\t\t\t\t\t<a class=\"elementor-button elementor-button-link elementor-size-sm\" href=\"https:\/\/charlottemarette.com\/index.php\/contact\/\">\n\t\t\t\t\t\t<span class=\"elementor-button-content-wrapper\">\n\t\t\t\t\t\t\t\t\t<span class=\"elementor-button-text\">Contact<\/span>\n\t\t\t\t\t<\/span>\n\t\t\t\t\t<\/a>\n\t\t\t\t<\/div>\n\t\t\t\t\t\t<\/div>\n\t\t\t\t<\/div>\n\t\t\t\t<div class=\"elementor-element elementor-element-36878983 elementor-widget elementor-widget-image\" data-id=\"36878983\" data-element_type=\"widget\" data-widget_type=\"image.default\">\n\t\t\t\t<div class=\"elementor-widget-container\">\n\t\t\t\t\t\t\t\t\t\t\t\t\t<img decoding=\"async\" src=\"https:\/\/charlottemarette.com\/wp-content\/uploads\/elementor\/thumbs\/mariage-Charlotte-Marette-photographe-20-1-scaled-qsnbpom1vhcttvka29mv44uep45trg5vov8uy4cw3a.jpg\" title=\"mariage-Charlotte-Marette-photographe-20\" alt=\"mariage-Charlotte-Marette-photographe-20\" loading=\"lazy\" \/>\t\t\t\t\t\t\t\t\t\t\t\t\t<\/div>\n\t\t\t\t<\/div>\n\t\t\t\t<\/div>\n\t\t\t\t<\/div>\n\t\t\t\t<\/div>\n\t\t<div class=\"elementor-element elementor-element-53a406d e-flex e-con-boxed e-con e-parent\" data-id=\"53a406d\" data-element_type=\"container\" data-settings=\"{&quot;background_background&quot;:&quot;classic&quot;}\">\n\t\t\t\t\t<div class=\"e-con-inner\">\n\t\t\t\t<div class=\"elementor-element elementor-element-059e661 delphine-standard-title elementor-widget elementor-widget-heading\" data-id=\"059e661\" data-element_type=\"widget\" data-widget_type=\"heading.default\">\n\t\t\t\t<div class=\"elementor-widget-container\">\n\t\t\t<h2 class=\"elementor-heading-title elementor-size-default\">MON STYLE DE PHOTOGRAPHIE<\/h2>\t\t<\/div>\n\t\t\t\t<\/div>\n\t\t\t\t<div class=\"elementor-element elementor-element-af2196c delphine-no-bottom-p elementor-widget elementor-widget-text-editor\" data-id=\"af2196c\" data-element_type=\"widget\" data-widget_type=\"text-editor.default\">\n\t\t\t\t<div class=\"elementor-widget-container\">\n\t\t\t\t\t\t\t<p class=\"p1\"><i>J\u2019aime les photos naturelles et chaleureuse, les moments pris sur le vif : une \u00e9motion, un regard, un sourire. Je peux vous faire poser parfois mais toujours dans l\u2019id\u00e9e de vous guider pour vous rassurer et vous mettre \u00e0 l\u2019aise, afin d\u2019avoir des images qui vous ressembles.<\/i><\/p><p class=\"p1\"><i>Sur une base de style documentaire, j\u2019aime rajouter une touche cin\u00e9matographique, un regard artistique tout en capturant des moments naturels. Quand je vous fait poser, tel une mise en sc\u00e8ne, c\u2019est pour avoir une base solide \u00e0 laquelle vous n\u2019avez plus \u00e0 r\u00e9fl\u00e9chir. Ce \u00e0 quoi j&rsquo;aspire dans vos photos, c&rsquo;est de capter les regards, les sourires, les rires, &#8230; tout ce qui traduit ces \u00e9motions qu&rsquo;on ne sait taire.<\/i><\/p><p class=\"p1\"><i>Mes couleurs tirent sur l\u2019ocre et le dor\u00e9. J\u2019aime les contrastes, jouer avec la lumi\u00e8re et les ombres. . J\u2019ai \u00e0 coeur de rester dans une colorim\u00e9trie naturelle qui met en valeur toutes les couleurs de peau. Ainsi, je viens chercher ces couleurs chaleureuses par le choix des lieux, des d\u00e9cors, des accessoires, des tenues, de la lumi\u00e8re.\u00a0\u00a0<\/i><\/p><p class=\"p1\"><i>Je travaille aujourd\u2019hui pour des clients priv\u00e9s : s\u00e9ance portrait, couple, maternit\u00e9, famille, mariage.\u00a0<\/i><\/p><p class=\"p1\"><i>Mais aussi pour des professionnels : mise en valeur de produits, photographie culinaire, portraits d\u2019artisans, etc.\u00a0<\/i><\/p><p class=\"p1\"><i>N\u2019h\u00e9sitez pas \u00e0 m\u2019\u00e9crire pour me raconter votre projet !<\/i><\/p>\t\t\t\t\t\t<\/div>\n\t\t\t\t<\/div>\n\t\t\t\t\t<\/div>\n\t\t\t\t<\/div>\n\t\t<div class=\"elementor-element elementor-element-198f8fb e-flex e-con-boxed e-con e-parent\" data-id=\"198f8fb\" data-element_type=\"container\" data-settings=\"{&quot;background_background&quot;:&quot;classic&quot;}\">\n\t\t\t\t\t<div class=\"e-con-inner\">\n\t\t\t\t<div class=\"elementor-element elementor-element-55074930 delphine-no-bottom-p delphine-script-text elementor-widget elementor-widget-text-editor\" data-id=\"55074930\" data-element_type=\"widget\" data-widget_type=\"text-editor.default\">\n\t\t\t\t<div class=\"elementor-widget-container\">\n\t\t\t\t\t\t\t<p>let&rsquo;s make creative magic<\/p>\t\t\t\t\t\t<\/div>\n\t\t\t\t<\/div>\n\t\t\t\t\t<\/div>\n\t\t\t\t<\/div>\n\t\t<div class=\"elementor-element elementor-element-72363033 e-con-full e-flex e-con e-parent\" data-id=\"72363033\" data-element_type=\"container\" data-settings=\"{&quot;background_background&quot;:&quot;classic&quot;}\">\n\t\t<div class=\"elementor-element elementor-element-72bdba2a e-con-full e-flex e-con e-child\" data-id=\"72bdba2a\" data-element_type=\"container\">\n\t\t\t\t<div class=\"elementor-element elementor-element-632288f8 delphine-standard-title elementor-widget elementor-widget-heading\" data-id=\"632288f8\" data-element_type=\"widget\" data-widget_type=\"heading.default\">\n\t\t\t\t<div class=\"elementor-widget-container\">\n\t\t\t<h2 class=\"elementor-heading-title elementor-size-default\">DES ANECDOTES SUR MOI\n<\/h2>\t\t<\/div>\n\t\t\t\t<\/div>\n\t\t\t\t<div class=\"elementor-element elementor-element-73b2c366 delphine-no-bottom-p elementor-widget elementor-widget-text-editor\" data-id=\"73b2c366\" data-element_type=\"widget\" data-widget_type=\"text-editor.default\">\n\t\t\t\t<div class=\"elementor-widget-container\">\n\t\t\t\t\t\t\t<p><i>1. Je suis b\u00e9lier et pourtant tr\u00e8s ind\u00e9cise<\/i><\/p>\t\t\t\t\t\t<\/div>\n\t\t\t\t<\/div>\n\t\t\t\t<div class=\"elementor-element elementor-element-3e2a283 delphine-no-bottom-p elementor-widget elementor-widget-text-editor\" data-id=\"3e2a283\" data-element_type=\"widget\" data-widget_type=\"text-editor.default\">\n\t\t\t\t<div class=\"elementor-widget-container\">\n\t\t\t\t\t\t\t<p>2. <i>Je suis bilingue anglais et je travaille r\u00e9guli\u00e8rement avec des clients \u00e9trangers<\/i><\/p>\t\t\t\t\t\t<\/div>\n\t\t\t\t<\/div>\n\t\t\t\t<div class=\"elementor-element elementor-element-36179dc delphine-no-bottom-p elementor-widget elementor-widget-text-editor\" data-id=\"36179dc\" data-element_type=\"widget\" data-widget_type=\"text-editor.default\">\n\t\t\t\t<div class=\"elementor-widget-container\">\n\t\t\t\t\t\t\t<p>3. <i>Depuis 2022, vous pouvez aussi me trouver sous mon activit\u00e9 de designer floral \u00e9v\u00e8nementiel !<\/i><\/p>\t\t\t\t\t\t<\/div>\n\t\t\t\t<\/div>\n\t\t\t\t<div class=\"elementor-element elementor-element-28f2886 delphine-no-bottom-p elementor-widget elementor-widget-text-editor\" data-id=\"28f2886\" data-element_type=\"widget\" data-widget_type=\"text-editor.default\">\n\t\t\t\t<div class=\"elementor-widget-container\">\n\t\t\t\t\t\t\t<p>4.<i>&nbsp;J\u2019aime beaucoup voyager et vous pourrez bient\u00f4t trouver quelques-uns de mes voyages photos dans une partie blog&nbsp;<\/i><\/p>\t\t\t\t\t\t<\/div>\n\t\t\t\t<\/div>\n\t\t\t\t<div class=\"elementor-element elementor-element-470ac31 delphine-no-bottom-p elementor-widget elementor-widget-text-editor\" data-id=\"470ac31\" data-element_type=\"widget\" data-widget_type=\"text-editor.default\">\n\t\t\t\t<div class=\"elementor-widget-container\">\n\t\t\t\t\t\t\t<p>5.<i> J<\/i><i>\u2019ai deux chats alors que je voulais un chien. C\u2019est dire \u00e0 quel point j\u2019ai un sens de l\u2019adaptation<\/i><\/p><p><i>6.<\/i><i>\u00a0Je suis v\u00e9g\u00e9tarienne (et je le vis tr\u00e8s bien)<\/i><\/p>\t\t\t\t\t\t<\/div>\n\t\t\t\t<\/div>\n\t\t\t\t<\/div>\n\t\t<div class=\"elementor-element elementor-element-5756f40f e-con-full e-flex e-con e-child\" data-id=\"5756f40f\" data-element_type=\"container\">\n\t\t\t\t<div class=\"elementor-element elementor-element-14651f4d elementor-widget elementor-widget-image\" data-id=\"14651f4d\" data-element_type=\"widget\" data-widget_type=\"image.default\">\n\t\t\t\t<div class=\"elementor-widget-container\">\n\t\t\t\t\t\t\t\t\t\t\t\t\t<img decoding=\"async\" src=\"https:\/\/charlottemarette.com\/wp-content\/uploads\/elementor\/thumbs\/Charlotte-Marette-Photographe-1-scaled-qsnbbwbgc5up4icd28tle29jchvhz1oe6ejkitjp1c.jpg\" title=\"Charlotte-Marette-Photographe-1\" alt=\"Charlotte-Marette-Photographe-1\" loading=\"lazy\" \/>\t\t\t\t\t\t\t\t\t\t\t\t\t<\/div>\n\t\t\t\t<\/div>\n\t\t\t\t<div class=\"elementor-element elementor-element-1f3ce0e7 elementor-absolute elementor-hidden-mobile elementor-widget-divider--view-line elementor-widget elementor-widget-divider\" data-id=\"1f3ce0e7\" data-element_type=\"widget\" data-settings=\"{&quot;_position&quot;:&quot;absolute&quot;}\" data-widget_type=\"divider.default\">\n\t\t\t\t<div class=\"elementor-widget-container\">\n\t\t\t\t\t<div class=\"elementor-divider\">\n\t\t\t<span class=\"elementor-divider-separator\">\n\t\t\t\t\t\t<\/span>\n\t\t<\/div>\n\t\t\t\t<\/div>\n\t\t\t\t<\/div>\n\t\t\t\t<\/div>\n\t\t\t\t<\/div>\n\t\t<div class=\"elementor-element elementor-element-b218ff0 e-con-full e-flex e-con e-parent\" data-id=\"b218ff0\" data-element_type=\"container\">\n\t\t<div class=\"elementor-element elementor-element-58b514a e-con-full e-flex e-con e-child\" data-id=\"58b514a\" data-element_type=\"container\">\n\t\t\t\t<div class=\"elementor-element elementor-element-de3cb89 delphine-no-bottom-p delphine-script-text elementor-widget elementor-widget-text-editor\" data-id=\"de3cb89\" data-element_type=\"widget\" data-widget_type=\"text-editor.default\">\n\t\t\t\t<div class=\"elementor-widget-container\">\n\t\t\t\t\t\t\t<p>let&rsquo;s collaborate<\/p>\t\t\t\t\t\t<\/div>\n\t\t\t\t<\/div>\n\t\t\t\t<\/div>\n\t\t<div class=\"elementor-element elementor-element-b832533 e-con-full e-flex e-con e-child\" data-id=\"b832533\" data-element_type=\"container\" data-settings=\"{&quot;background_background&quot;:&quot;classic&quot;}\">\n\t\t<div class=\"elementor-element elementor-element-3956d76 e-con-full e-flex e-con e-child\" data-id=\"3956d76\" data-element_type=\"container\">\n\t\t\t\t<div class=\"elementor-element elementor-element-2347754 delphine-standard-title elementor-widget__width-initial elementor-widget elementor-widget-heading\" data-id=\"2347754\" data-element_type=\"widget\" data-widget_type=\"heading.default\">\n\t\t\t\t<div class=\"elementor-widget-container\">\n\t\t\t<h2 class=\"elementor-heading-title elementor-size-default\">You Got to Know me\n<\/h2>\t\t<\/div>\n\t\t\t\t<\/div>\n\t\t\t\t<div class=\"elementor-element elementor-element-6cac0f4 elementor-widget__width-initial elementor-hidden-mobile elementor-widget-divider--view-line elementor-widget elementor-widget-divider\" data-id=\"6cac0f4\" data-element_type=\"widget\" data-widget_type=\"divider.default\">\n\t\t\t\t<div class=\"elementor-widget-container\">\n\t\t\t\t\t<div class=\"elementor-divider\">\n\t\t\t<span class=\"elementor-divider-separator\">\n\t\t\t\t\t\t<\/span>\n\t\t<\/div>\n\t\t\t\t<\/div>\n\t\t\t\t<\/div>\n\t\t\t\t<div class=\"elementor-element elementor-element-756a788 delphine-no-bottom-p delphine-subheading-text elementor-widget-tablet__width-initial elementor-widget elementor-widget-text-editor\" data-id=\"756a788\" data-element_type=\"widget\" data-widget_type=\"text-editor.default\">\n\t\t\t\t<div class=\"elementor-widget-container\">\n\t\t\t\t\t\t\t<p>So, Now It\u2019s Your Turn. Come Say Hello!<\/p>\t\t\t\t\t\t<\/div>\n\t\t\t\t<\/div>\n\t\t\t\t<div class=\"elementor-element elementor-element-b2130b4 elementor-align-left delphine-elementor-button elementor-mobile-align-center elementor-widget elementor-widget-button\" data-id=\"b2130b4\" data-element_type=\"widget\" data-widget_type=\"button.default\">\n\t\t\t\t<div class=\"elementor-widget-container\">\n\t\t\t\t\t\t\t<div class=\"elementor-button-wrapper\">\n\t\t\t\t\t<a class=\"elementor-button elementor-button-link elementor-size-sm\" href=\"https:\/\/charlottemarette.com\/index.php\/contact\/\">\n\t\t\t\t\t\t<span class=\"elementor-button-content-wrapper\">\n\t\t\t\t\t\t\t\t\t<span class=\"elementor-button-text\">Get in Touch<\/span>\n\t\t\t\t\t<\/span>\n\t\t\t\t\t<\/a>\n\t\t\t\t<\/div>\n\t\t\t\t\t\t<\/div>\n\t\t\t\t<\/div>\n\t\t\t\t<\/div>\n\t\t\t\t<\/div>\n\t\t\t\t<\/div>\n\t\t\t\t<\/div>\n\t\t","protected":false},"excerpt":{"rendered":"<p>the photographer HELLO, MOI C&rsquo;EST CHARLOTTE Merci d\u2019\u00eatre venu jusqu\u2019ici pour lire quelques lignes sur moi ! Je suis photographe depuis plusieurs ann\u00e9es et d\u00e9sormais je me sp\u00e9cialise dans vos moments de vie. \u00c0 la recherche de l\u2019authenticit\u00e9, j\u2019aime immortaliser les \u00e9motions. J\u2019ai d\u2019abord travaill\u00e9 dans le cin\u00e9ma, en gardant la photographie comme passe-temps. Puis [&hellip;]<\/p>\n","protected":false},"author":1,"featured_media":0,"parent":0,"menu_order":0,"comment_status":"closed","ping_status":"closed","template":"elementor_header_footer","meta":{"om_disable_all_campaigns":false,"_monsterinsights_skip_tracking":false,"_monsterinsights_sitenote_active":false,"_monsterinsights_sitenote_note":"","_monsterinsights_sitenote_category":0,"footnotes":""},"categories":[],"class_list":["post-10468","page","type-page","status-publish","hentry"],"aioseo_notices":[],"_links":{"self":[{"href":"https:\/\/charlottemarette.com\/index.php\/wp-json\/wp\/v2\/pages\/10468"}],"collection":[{"href":"https:\/\/charlottemarette.com\/index.php\/wp-json\/wp\/v2\/pages"}],"about":[{"href":"https:\/\/charlottemarette.com\/index.php\/wp-json\/wp\/v2\/types\/page"}],"author":[{"embeddable":true,"href":"https:\/\/charlottemarette.com\/index.php\/wp-json\/wp\/v2\/users\/1"}],"replies":[{"embeddable":true,"href":"https:\/\/charlottemarette.com\/index.php\/wp-json\/wp\/v2\/comments?post=10468"}],"version-history":[{"count":223,"href":"https:\/\/charlottemarette.com\/index.php\/wp-json\/wp\/v2\/pages\/10468\/revisions"}],"predecessor-version":[{"id":15321,"href":"https:\/\/charlottemarette.com\/index.php\/wp-json\/wp\/v2\/pages\/10468\/revisions\/15321"}],"wp:attachment":[{"href":"https:\/\/charlottemarette.com\/index.php\/wp-json\/wp\/v2\/media?parent=10468"}],"wp:term":[{"taxonomy":"category","embeddable":true,"href":"https:\/\/charlottemarette.com\/index.php\/wp-json\/wp\/v2\/categories?post=10468"}],"curies":[{"name":"wp","href":"https:\/\/api.w.org\/{rel}","templated":true}]}}