{"id":14127,"date":"2024-08-10T18:05:47","date_gmt":"2024-08-10T16:05:47","guid":{"rendered":"https:\/\/charlottemarette.com\/?page_id=14127"},"modified":"2024-08-10T18:15:26","modified_gmt":"2024-08-10T16:15:26","slug":"mentions-legales","status":"publish","type":"page","link":"https:\/\/charlottemarette.com\/index.php\/mentions-legales\/","title":{"rendered":"Mentions l\u00e9gales"},"content":{"rendered":"\t\t<div data-elementor-type=\"wp-page\" data-elementor-id=\"14127\" class=\"elementor elementor-14127\" data-elementor-post-type=\"page\">\n\t\t\t\t<div class=\"elementor-element elementor-element-2fe85a63 e-con-full e-flex e-con e-parent\" data-id=\"2fe85a63\" data-element_type=\"container\" data-settings=\"{&quot;background_background&quot;:&quot;classic&quot;}\">\n\t\t<div class=\"elementor-element elementor-element-36864917 e-flex e-con-boxed e-con e-child\" data-id=\"36864917\" data-element_type=\"container\">\n\t\t\t\t\t<div class=\"e-con-inner\">\n\t\t\t\t<div class=\"elementor-element elementor-element-58046cde delphine-standard-title elementor-widget elementor-widget-heading\" data-id=\"58046cde\" data-element_type=\"widget\" data-widget_type=\"heading.default\">\n\t\t\t\t<div class=\"elementor-widget-container\">\n\t\t\t<h2 class=\"elementor-heading-title elementor-size-default\">Mentions l\u00e9gales<\/h2>\t\t<\/div>\n\t\t\t\t<\/div>\n\t\t\t\t<div class=\"elementor-element elementor-element-7533abdd delphine-no-bottom-p elementor-widget elementor-widget-text-editor\" data-id=\"7533abdd\" data-element_type=\"widget\" data-widget_type=\"text-editor.default\">\n\t\t\t\t<div class=\"elementor-widget-container\">\n\t\t\t\t\t\t\t<p>En vertu de l&rsquo;article 6 de la loi n\u00b0 2004-575 du 21 juin 2004 pour la confiance dans l&rsquo;\u00e9conomie num\u00e9rique, il est pr\u00e9cis\u00e9 aux utilisateurs de ce site l&rsquo;identit\u00e9 des diff\u00e9rents intervenants dans le cadre de sa r\u00e9alisation et de son suivi :<\/p><p>EDITEUR DU SITE :\u00a0<\/p><p>Charlotte MARETTE, domicili\u00e9e au 2 Rue Victor Basch, 94300 VINCENNES<\/p><p>Entrepreneur Individuel,\u00a0 APE 74.20Z activit\u00e9s photographiques, activit\u00e9 secondaire commerce de d\u00e9tail de fleurs sur \u00e9ventaires et march\u00e9s<\/p><p>Siret : 85294134300034<\/p><p>contact : contact@charlottemarette.com\u00a0<\/p><p>Le responsable publication est une personne physique.<\/p><p>Cr\u00e9dits Photos : Charlotte Marette, M\u00e9lody Barab\u00e9<\/p><p>WordPress<\/p><p>TEMPLATE :\u00a0<\/p><p>Delphine &#8211; Pix and Hue <a href=\"https:\/\/www.pixandhue.com\/\">https:\/\/www.pixandhue.com\/<\/a><\/p><p>HEBERGEUR :\u00a0<\/p><p>Hostinger International Ltd. 61 Lordou Vironos Street Larnaca 6023 Cyprus,\u00a0joignable par le moyen suivant :\u00a0<a href=\"https:\/\/www.hostinger.fr\/contact\" target=\"_blank\" rel=\"noopener\">https:\/\/www.hostinger.fr\/contact<\/a>.<\/p>\t\t\t\t\t\t<\/div>\n\t\t\t\t<\/div>\n\t\t\t\t\t<\/div>\n\t\t\t\t<\/div>\n\t\t\t\t<\/div>\n\t\t\t\t<\/div>\n\t\t","protected":false},"excerpt":{"rendered":"<p>Mentions l\u00e9gales En vertu de l&rsquo;article 6 de la loi n\u00b0 2004-575 du 21 juin 2004 pour la confiance dans l&rsquo;\u00e9conomie num\u00e9rique, il est pr\u00e9cis\u00e9 aux utilisateurs de ce site l&rsquo;identit\u00e9 des diff\u00e9rents intervenants dans le cadre de sa r\u00e9alisation et de son suivi : EDITEUR DU SITE :\u00a0 Charlotte MARETTE, domicili\u00e9e au 2 Rue [&hellip;]<\/p>\n","protected":false},"author":1,"featured_media":0,"parent":0,"menu_order":0,"comment_status":"closed","ping_status":"closed","template":"elementor_header_footer","meta":{"om_disable_all_campaigns":false,"_monsterinsights_skip_tracking":false,"_monsterinsights_sitenote_active":false,"_monsterinsights_sitenote_note":"","_monsterinsights_sitenote_category":0,"footnotes":""},"categories":[],"class_list":["post-14127","page","type-page","status-publish","hentry"],"aioseo_notices":[],"_links":{"self":[{"href":"https:\/\/charlottemarette.com\/index.php\/wp-json\/wp\/v2\/pages\/14127"}],"collection":[{"href":"https:\/\/charlottemarette.com\/index.php\/wp-json\/wp\/v2\/pages"}],"about":[{"href":"https:\/\/charlottemarette.com\/index.php\/wp-json\/wp\/v2\/types\/page"}],"author":[{"embeddable":true,"href":"https:\/\/charlottemarette.com\/index.php\/wp-json\/wp\/v2\/users\/1"}],"replies":[{"embeddable":true,"href":"https:\/\/charlottemarette.com\/index.php\/wp-json\/wp\/v2\/comments?post=14127"}],"version-history":[{"count":16,"href":"https:\/\/charlottemarette.com\/index.php\/wp-json\/wp\/v2\/pages\/14127\/revisions"}],"predecessor-version":[{"id":14145,"href":"https:\/\/charlottemarette.com\/index.php\/wp-json\/wp\/v2\/pages\/14127\/revisions\/14145"}],"wp:attachment":[{"href":"https:\/\/charlottemarette.com\/index.php\/wp-json\/wp\/v2\/media?parent=14127"}],"wp:term":[{"taxonomy":"category","embeddable":true,"href":"https:\/\/charlottemarette.com\/index.php\/wp-json\/wp\/v2\/categories?post=14127"}],"curies":[{"name":"wp","href":"https:\/\/api.w.org\/{rel}","templated":true}]}}